{"id":197,"date":"2021-06-05T10:16:17","date_gmt":"2021-06-05T13:16:17","guid":{"rendered":"https:\/\/agenciawebseo.com.br\/marketplace\/index.php\/our-services\/"},"modified":"2022-09-01T15:24:38","modified_gmt":"2022-09-01T18:24:38","slug":"nossos-servicos","status":"publish","type":"page","link":"https:\/\/agenciawebseo.com.br\/marketplace\/nossos-servicos\/","title":{"rendered":"Nossos Servi\u00e7os"},"content":{"rendered":"\t\t<div data-elementor-type=\"wp-page\" data-elementor-id=\"197\" class=\"elementor elementor-197\">\n\t\t\t\t\t\t\t\t\t<section class=\"elementor-section elementor-top-section elementor-element elementor-element-abca5fe elementor-section-boxed elementor-section-height-default elementor-section-height-default\" data-id=\"abca5fe\" data-element_type=\"section\" data-settings=\"{&quot;background_background&quot;:&quot;classic&quot;}\">\n\t\t\t\t\t\t<div class=\"elementor-container elementor-column-gap-default\">\n\t\t\t\t\t<div class=\"elementor-column elementor-col-50 elementor-top-column elementor-element elementor-element-d59377d\" data-id=\"d59377d\" data-element_type=\"column\">\n\t\t\t<div class=\"elementor-widget-wrap elementor-element-populated\">\n\t\t\t\t\t\t\t\t<div class=\"elementor-element elementor-element-7127c41 bdt-icon-type-image elementor-position-left elementor-vertical-align-top bdt-icon-effect-none elementor-invisible elementor-widget elementor-widget-bdt-advanced-icon-box\" data-id=\"7127c41\" data-element_type=\"widget\" data-settings=\"{&quot;_animation&quot;:&quot;fadeInDown&quot;}\" data-widget_type=\"bdt-advanced-icon-box.default\">\n\t\t\t\t<div class=\"elementor-widget-container\">\n\t\t\t\t\t<div class=\"bdt-ep-advanced-icon-box\">\n\n\t\t\t\t\t\t\t\n\t\t\t\t\t\t\t<div class=\"bdt-ep-advanced-icon-box-icon\">\n\t\t\t\t\t<span class=\"bdt-ep-advanced-icon-box-icon-wrap\">\n\n\n\t\t\t\t\t\t\t\t\t\t\t\t\t<img decoding=\"async\" src=\"https:\/\/agenciawebseo.com.br\/marketplace\/wp-content\/uploads\/2022\/08\/Pages-icon.png\" alt=\"Integra\u00e7\u00e3o com Marketplace\">\n\t\t\t\t\t\t\t\t\t\t\t<\/span>\n\t\t\t\t<\/div>\n\t\t\t\n\t\t\t\t\t\n\t\t\t<div class=\"bdt-ep-advanced-icon-box-content\">\n\n\t\t\t\t\t\t\t\t\t\n\t\t\t\t<h3 class=\"bdt-ep-advanced-icon-box-title\">\n\t\t\t\t<span >\n\t\t\t\t\tIntegra\u00e7\u00e3o com Marketplace\t\t\t\t<\/span>\n\t\t\t<\/h3>\n\t\t\n\n\t\t\n\t\t\t\t\t\t\n\t\t\t\t\n\t\t\t\t\t\t\t\t\t<div class=\"bdt-ep-advanced-icon-box-description\">\n\t\t\t\t\t\t<p>Organizamos toda a documenta\u00e7\u00e3o at\u00e9 a aprova\u00e7\u00e3o de sua loja nos principais Marketplaces do Brasil.<\/p>\t\t\t\t\t<\/div>\n\t\t\t\t\n\t\t\t\t\t\t\t<\/div>\n\t\t<\/div>\n\n\t\t\n\t\t\n\t\t\t\t<\/div>\n\t\t\t\t<\/div>\n\t\t\t\t<div class=\"elementor-element elementor-element-1285016 bdt-icon-type-image elementor-position-left elementor-vertical-align-top bdt-icon-effect-none elementor-invisible elementor-widget elementor-widget-bdt-advanced-icon-box\" data-id=\"1285016\" data-element_type=\"widget\" data-settings=\"{&quot;_animation&quot;:&quot;fadeInDown&quot;}\" data-widget_type=\"bdt-advanced-icon-box.default\">\n\t\t\t\t<div class=\"elementor-widget-container\">\n\t\t\t\t\t<div class=\"bdt-ep-advanced-icon-box\">\n\n\t\t\t\t\t\t\t\n\t\t\t\t\t\t\t<div class=\"bdt-ep-advanced-icon-box-icon\">\n\t\t\t\t\t<span class=\"bdt-ep-advanced-icon-box-icon-wrap\">\n\n\n\t\t\t\t\t\t\t\t\t\t\t\t\t<img decoding=\"async\" src=\"https:\/\/agenciawebseo.com.br\/marketplace\/wp-content\/uploads\/2022\/08\/Pages-icon-3.png\" alt=\"Integra\u00e7\u00e3o ERP\">\n\t\t\t\t\t\t\t\t\t\t\t<\/span>\n\t\t\t\t<\/div>\n\t\t\t\n\t\t\t\t\t\n\t\t\t<div class=\"bdt-ep-advanced-icon-box-content\">\n\n\t\t\t\t\t\t\t\t\t\n\t\t\t\t<h3 class=\"bdt-ep-advanced-icon-box-title\">\n\t\t\t\t<span >\n\t\t\t\t\tIntegra\u00e7\u00e3o ERP\t\t\t\t<\/span>\n\t\t\t<\/h3>\n\t\t\n\n\t\t\n\t\t\t\t\t\t\n\t\t\t\t\n\t\t\t\t\t\t\t\t\t<div class=\"bdt-ep-advanced-icon-box-description\">\n\t\t\t\t\t\t<p>Gerenciamento de todo o processo de cataloga\u00e7\u00e3o,\u00a0 exporta\u00e7\u00e3o, precifica\u00e7\u00e3o e vendas dentro de uma \u00fanica plataforma.<\/p>\t\t\t\t\t<\/div>\n\t\t\t\t\n\t\t\t\t\t\t\t<\/div>\n\t\t<\/div>\n\n\t\t\n\t\t\n\t\t\t\t<\/div>\n\t\t\t\t<\/div>\n\t\t\t\t<div class=\"elementor-element elementor-element-27508e8 bdt-icon-type-image elementor-position-left elementor-vertical-align-top bdt-icon-effect-none elementor-invisible elementor-widget elementor-widget-bdt-advanced-icon-box\" data-id=\"27508e8\" data-element_type=\"widget\" data-settings=\"{&quot;_animation&quot;:&quot;fadeInDown&quot;}\" data-widget_type=\"bdt-advanced-icon-box.default\">\n\t\t\t\t<div class=\"elementor-widget-container\">\n\t\t\t\t\t<div class=\"bdt-ep-advanced-icon-box\">\n\n\t\t\t\t\t\t\t\n\t\t\t\t\t\t\t<div class=\"bdt-ep-advanced-icon-box-icon\">\n\t\t\t\t\t<span class=\"bdt-ep-advanced-icon-box-icon-wrap\">\n\n\n\t\t\t\t\t\t\t\t\t\t\t\t\t<img decoding=\"async\" src=\"https:\/\/agenciawebseo.com.br\/marketplace\/wp-content\/uploads\/2022\/08\/Pages-icon-5.png\" alt=\"Ganhe Tempo\">\n\t\t\t\t\t\t\t\t\t\t\t<\/span>\n\t\t\t\t<\/div>\n\t\t\t\n\t\t\t\t\t\n\t\t\t<div class=\"bdt-ep-advanced-icon-box-content\">\n\n\t\t\t\t\t\t\t\t\t\n\t\t\t\t<h3 class=\"bdt-ep-advanced-icon-box-title\">\n\t\t\t\t<span >\n\t\t\t\t\tGanhe Tempo\t\t\t\t<\/span>\n\t\t\t<\/h3>\n\t\t\n\n\t\t\n\t\t\t\t\t\t\n\t\t\t\t\n\t\t\t\t\t\t\t\t\t<div class=\"bdt-ep-advanced-icon-box-description\">\n\t\t\t\t\t\t<p>Deixe o trabalho pesado com a nossa equipe. Fazemos todo o processo, desde a cataloga\u00e7\u00e3o, vendas, emiss\u00e3o de nota fiscal, etiquetas de envio de forma di\u00e1ria. Voc\u00ea apenas recebe e despacha o produto.<\/p>\t\t\t\t\t<\/div>\n\t\t\t\t\n\t\t\t\t\t\t\t<\/div>\n\t\t<\/div>\n\n\t\t\n\t\t\n\t\t\t\t<\/div>\n\t\t\t\t<\/div>\n\t\t\t\t<div class=\"elementor-element elementor-element-a675a5c bdt-icon-type-image elementor-position-left elementor-vertical-align-top bdt-icon-effect-none elementor-invisible elementor-widget elementor-widget-bdt-advanced-icon-box\" data-id=\"a675a5c\" data-element_type=\"widget\" data-settings=\"{&quot;_animation&quot;:&quot;fadeInDown&quot;}\" data-widget_type=\"bdt-advanced-icon-box.default\">\n\t\t\t\t<div class=\"elementor-widget-container\">\n\t\t\t\t\t<div class=\"bdt-ep-advanced-icon-box\">\n\n\t\t\t\t\t\t\t\n\t\t\t\t\t\t\t<div class=\"bdt-ep-advanced-icon-box-icon\">\n\t\t\t\t\t<span class=\"bdt-ep-advanced-icon-box-icon-wrap\">\n\n\n\t\t\t\t\t\t\t\t\t\t\t\t\t<img decoding=\"async\" src=\"https:\/\/agenciawebseo.com.br\/marketplace\/wp-content\/uploads\/2022\/08\/Pages-icon-5.png\" alt=\"Atendimento SAC\">\n\t\t\t\t\t\t\t\t\t\t\t<\/span>\n\t\t\t\t<\/div>\n\t\t\t\n\t\t\t\t\t\n\t\t\t<div class=\"bdt-ep-advanced-icon-box-content\">\n\n\t\t\t\t\t\t\t\t\t\n\t\t\t\t<h3 class=\"bdt-ep-advanced-icon-box-title\">\n\t\t\t\t<span >\n\t\t\t\t\tAtendimento SAC\t\t\t\t<\/span>\n\t\t\t<\/h3>\n\t\t\n\n\t\t\n\t\t\t\t\t\t\n\t\t\t\t\n\t\t\t\t\t\t\t\t\t<div class=\"bdt-ep-advanced-icon-box-description\">\n\t\t\t\t\t\t<p>Fazemos todo o p\u00f3s venda, devolu\u00e7\u00f5es e d\u00favidas do SAC de todas as plataformas integradas. Melhorando assim o SCORE e reputa\u00e7\u00e3o de sua loja nas plataformas.<\/p>\t\t\t\t\t<\/div>\n\t\t\t\t\n\t\t\t\t\t\t\t<\/div>\n\t\t<\/div>\n\n\t\t\n\t\t\n\t\t\t\t<\/div>\n\t\t\t\t<\/div>\n\t\t\t\t\t<\/div>\n\t\t<\/div>\n\t\t\t\t<div class=\"elementor-column elementor-col-50 elementor-top-column elementor-element elementor-element-ea6e1fb\" data-id=\"ea6e1fb\" data-element_type=\"column\">\n\t\t\t<div class=\"elementor-widget-wrap elementor-element-populated\">\n\t\t\t\t\t\t\t\t<div class=\"elementor-element elementor-element-daa2202 bdt-icon-type-image elementor-position-left elementor-vertical-align-top bdt-icon-effect-none elementor-invisible elementor-widget elementor-widget-bdt-advanced-icon-box\" data-id=\"daa2202\" data-element_type=\"widget\" data-settings=\"{&quot;_animation&quot;:&quot;fadeInDown&quot;}\" data-widget_type=\"bdt-advanced-icon-box.default\">\n\t\t\t\t<div class=\"elementor-widget-container\">\n\t\t\t\t\t<div class=\"bdt-ep-advanced-icon-box\">\n\n\t\t\t\t\t\t\t\n\t\t\t\t\t\t\t<div class=\"bdt-ep-advanced-icon-box-icon\">\n\t\t\t\t\t<span class=\"bdt-ep-advanced-icon-box-icon-wrap\">\n\n\n\t\t\t\t\t\t\t\t\t\t\t\t\t<img decoding=\"async\" src=\"https:\/\/agenciawebseo.com.br\/marketplace\/wp-content\/uploads\/2022\/08\/Pages-icon-2.png\" alt=\"An\u00e1lise de Nicho por Marketplace\">\n\t\t\t\t\t\t\t\t\t\t\t<\/span>\n\t\t\t\t<\/div>\n\t\t\t\n\t\t\t\t\t\n\t\t\t<div class=\"bdt-ep-advanced-icon-box-content\">\n\n\t\t\t\t\t\t\t\t\t\n\t\t\t\t<h3 class=\"bdt-ep-advanced-icon-box-title\">\n\t\t\t\t<span >\n\t\t\t\t\tAn\u00e1lise de Nicho por Marketplace\t\t\t\t<\/span>\n\t\t\t<\/h3>\n\t\t\n\n\t\t\n\t\t\t\t\t\t\n\t\t\t\t\n\t\t\t\t\t\t\t\t\t<div class=\"bdt-ep-advanced-icon-box-description\">\n\t\t\t\t\t\t<p>Trabalhamos em conjunto para analisar os melhores marketplaces para o seu cat\u00e1logo de produtos.<\/p>\t\t\t\t\t<\/div>\n\t\t\t\t\n\t\t\t\t\t\t\t<\/div>\n\t\t<\/div>\n\n\t\t\n\t\t\n\t\t\t\t<\/div>\n\t\t\t\t<\/div>\n\t\t\t\t<div class=\"elementor-element elementor-element-4e2d4ef bdt-icon-type-image elementor-position-left elementor-vertical-align-top bdt-icon-effect-none elementor-invisible elementor-widget elementor-widget-bdt-advanced-icon-box\" data-id=\"4e2d4ef\" data-element_type=\"widget\" data-settings=\"{&quot;_animation&quot;:&quot;fadeInDown&quot;}\" data-widget_type=\"bdt-advanced-icon-box.default\">\n\t\t\t\t<div class=\"elementor-widget-container\">\n\t\t\t\t\t<div class=\"bdt-ep-advanced-icon-box\">\n\n\t\t\t\t\t\t\t\n\t\t\t\t\t\t\t<div class=\"bdt-ep-advanced-icon-box-icon\">\n\t\t\t\t\t<span class=\"bdt-ep-advanced-icon-box-icon-wrap\">\n\n\n\t\t\t\t\t\t\t\t\t\t\t\t\t<img decoding=\"async\" src=\"https:\/\/agenciawebseo.com.br\/marketplace\/wp-content\/uploads\/2022\/08\/Pages-icon-4.png\" alt=\"Gerenciamento E-Commerce\">\n\t\t\t\t\t\t\t\t\t\t\t<\/span>\n\t\t\t\t<\/div>\n\t\t\t\n\t\t\t\t\t\n\t\t\t<div class=\"bdt-ep-advanced-icon-box-content\">\n\n\t\t\t\t\t\t\t\t\t\n\t\t\t\t<h3 class=\"bdt-ep-advanced-icon-box-title\">\n\t\t\t\t<span >\n\t\t\t\t\tGerenciamento E-Commerce\t\t\t\t<\/span>\n\t\t\t<\/h3>\n\t\t\n\n\t\t\n\t\t\t\t\t\t\n\t\t\t\t\n\t\t\t\t\t\t\t\t\t<div class=\"bdt-ep-advanced-icon-box-description\">\n\t\t\t\t\t\t<p>Cria\u00e7\u00e3o e gerenciamento de loja virtual. Cadastro de produtos e manuten\u00e7\u00e3o de pre\u00e7o e estoque integrado ao ERP.<\/p>\t\t\t\t\t<\/div>\n\t\t\t\t\n\t\t\t\t\t\t\t<\/div>\n\t\t<\/div>\n\n\t\t\n\t\t\n\t\t\t\t<\/div>\n\t\t\t\t<\/div>\n\t\t\t\t<div class=\"elementor-element elementor-element-a4d1126 bdt-icon-type-image elementor-position-left elementor-vertical-align-top bdt-icon-effect-none elementor-invisible elementor-widget elementor-widget-bdt-advanced-icon-box\" data-id=\"a4d1126\" data-element_type=\"widget\" data-settings=\"{&quot;_animation&quot;:&quot;fadeInDown&quot;}\" data-widget_type=\"bdt-advanced-icon-box.default\">\n\t\t\t\t<div class=\"elementor-widget-container\">\n\t\t\t\t\t<div class=\"bdt-ep-advanced-icon-box\">\n\n\t\t\t\t\t\t\t\n\t\t\t\t\t\t\t<div class=\"bdt-ep-advanced-icon-box-icon\">\n\t\t\t\t\t<span class=\"bdt-ep-advanced-icon-box-icon-wrap\">\n\n\n\t\t\t\t\t\t\t\t\t\t\t\t\t<img decoding=\"async\" src=\"https:\/\/agenciawebseo.com.br\/marketplace\/wp-content\/uploads\/2022\/08\/Pages-icon-6.png\" alt=\"Reduza Custos\">\n\t\t\t\t\t\t\t\t\t\t\t<\/span>\n\t\t\t\t<\/div>\n\t\t\t\n\t\t\t\t\t\n\t\t\t<div class=\"bdt-ep-advanced-icon-box-content\">\n\n\t\t\t\t\t\t\t\t\t\n\t\t\t\t<h3 class=\"bdt-ep-advanced-icon-box-title\">\n\t\t\t\t<span >\n\t\t\t\t\tReduza Custos\t\t\t\t<\/span>\n\t\t\t<\/h3>\n\t\t\n\n\t\t\n\t\t\t\t\t\t\n\t\t\t\t\n\t\t\t\t\t\t\t\t\t<div class=\"bdt-ep-advanced-icon-box-description\">\n\t\t\t\t\t\t<p>Por que contratar uma ag\u00eancia? Apresentamos um servi\u00e7o profissional e especializado em marketplace. Atendimento de excel\u00eancia e baixo custo.\u00a0<\/p><p>Tenho tempo, seja o gestor do seu neg\u00f3cio.<\/p>\t\t\t\t\t<\/div>\n\t\t\t\t\n\t\t\t\t\t\t\t<\/div>\n\t\t<\/div>\n\n\t\t\n\t\t\n\t\t\t\t<\/div>\n\t\t\t\t<\/div>\n\t\t\t\t<div class=\"elementor-element elementor-element-cdb219e bdt-icon-type-image elementor-position-left elementor-vertical-align-top bdt-icon-effect-none elementor-invisible elementor-widget elementor-widget-bdt-advanced-icon-box\" data-id=\"cdb219e\" data-element_type=\"widget\" data-settings=\"{&quot;_animation&quot;:&quot;fadeInDown&quot;}\" data-widget_type=\"bdt-advanced-icon-box.default\">\n\t\t\t\t<div class=\"elementor-widget-container\">\n\t\t\t\t\t<div class=\"bdt-ep-advanced-icon-box\">\n\n\t\t\t\t\t\t\t\n\t\t\t\t\t\t\t<div class=\"bdt-ep-advanced-icon-box-icon\">\n\t\t\t\t\t<span class=\"bdt-ep-advanced-icon-box-icon-wrap\">\n\n\n\t\t\t\t\t\t\t\t\t\t\t\t\t<img decoding=\"async\" src=\"https:\/\/agenciawebseo.com.br\/marketplace\/wp-content\/uploads\/2022\/08\/Pages-icon-6.png\" alt=\"Business Intelligence\">\n\t\t\t\t\t\t\t\t\t\t\t<\/span>\n\t\t\t\t<\/div>\n\t\t\t\n\t\t\t\t\t\n\t\t\t<div class=\"bdt-ep-advanced-icon-box-content\">\n\n\t\t\t\t\t\t\t\t\t\n\t\t\t\t<h3 class=\"bdt-ep-advanced-icon-box-title\">\n\t\t\t\t<span >\n\t\t\t\t\tBusiness Intelligence\t\t\t\t<\/span>\n\t\t\t<\/h3>\n\t\t\n\n\t\t\n\t\t\t\t\t\t\n\t\t\t\t\n\t\t\t\t\t\t\t\t\t<div class=\"bdt-ep-advanced-icon-box-description\">\n\t\t\t\t\t\t<p>Disponibilizamos diversos relat\u00f3rios anal\u00edticos din\u00e2micos, aliado a gr\u00e1ficos e m\u00e9tricas personalizadas a partir do Power BI para auxiliar em suas tomadas de decis\u00f5es de forma r\u00e1pida.<\/p>\t\t\t\t\t<\/div>\n\t\t\t\t\n\t\t\t\t\t\t\t<\/div>\n\t\t<\/div>\n\n\t\t\n\t\t\n\t\t\t\t<\/div>\n\t\t\t\t<\/div>\n\t\t\t\t\t<\/div>\n\t\t<\/div>\n\t\t\t\t\t\t\t<\/div>\n\t\t<\/section>\n\t\t\t\t<section class=\"elementor-section elementor-top-section elementor-element elementor-element-22db65c elementor-section-boxed elementor-section-height-default elementor-section-height-default\" data-id=\"22db65c\" data-element_type=\"section\" data-settings=\"{&quot;background_background&quot;:&quot;classic&quot;}\">\n\t\t\t\t\t\t<div class=\"elementor-container elementor-column-gap-default\">\n\t\t\t\t\t<div class=\"elementor-column elementor-col-50 elementor-top-column elementor-element elementor-element-912f94d\" data-id=\"912f94d\" data-element_type=\"column\">\n\t\t\t<div class=\"elementor-widget-wrap elementor-element-populated\">\n\t\t\t\t\t\t\t\t<div class=\"elementor-element elementor-element-bb037d1 elementor-widget__width-auto elementor-widget elementor-widget-heading\" data-id=\"bb037d1\" data-element_type=\"widget\" data-widget_type=\"heading.default\">\n\t\t\t\t<div class=\"elementor-widget-container\">\n\t\t\t<style>\/*! elementor - v3.7.1 - 14-08-2022 *\/\n.elementor-heading-title{padding:0;margin:0;line-height:1}.elementor-widget-heading .elementor-heading-title[class*=elementor-size-]>a{color:inherit;font-size:inherit;line-height:inherit}.elementor-widget-heading .elementor-heading-title.elementor-size-small{font-size:15px}.elementor-widget-heading .elementor-heading-title.elementor-size-medium{font-size:19px}.elementor-widget-heading .elementor-heading-title.elementor-size-large{font-size:29px}.elementor-widget-heading .elementor-heading-title.elementor-size-xl{font-size:39px}.elementor-widget-heading .elementor-heading-title.elementor-size-xxl{font-size:59px}<\/style><h5 class=\"elementor-heading-title elementor-size-default\">Inova\u00e7\u00e3o<\/h5>\t\t<\/div>\n\t\t\t\t<\/div>\n\t\t\t\t<div class=\"elementor-element elementor-element-0e2b8c4 elementor-widget elementor-widget-heading\" data-id=\"0e2b8c4\" data-element_type=\"widget\" data-widget_type=\"heading.default\">\n\t\t\t\t<div class=\"elementor-widget-container\">\n\t\t\t<h2 class=\"elementor-heading-title elementor-size-default\">Solu\u00e7\u00f5es inteligentes para o seu Neg\u00f3cio <\/h2>\t\t<\/div>\n\t\t\t\t<\/div>\n\t\t\t\t<div class=\"elementor-element elementor-element-db1b972 elementor-widget elementor-widget-text-editor\" data-id=\"db1b972\" data-element_type=\"widget\" data-widget_type=\"text-editor.default\">\n\t\t\t\t<div class=\"elementor-widget-container\">\n\t\t\t<style>\/*! elementor - v3.7.1 - 14-08-2022 *\/\n.elementor-widget-text-editor.elementor-drop-cap-view-stacked .elementor-drop-cap{background-color:#818a91;color:#fff}.elementor-widget-text-editor.elementor-drop-cap-view-framed .elementor-drop-cap{color:#818a91;border:3px solid;background-color:transparent}.elementor-widget-text-editor:not(.elementor-drop-cap-view-default) .elementor-drop-cap{margin-top:8px}.elementor-widget-text-editor:not(.elementor-drop-cap-view-default) .elementor-drop-cap-letter{width:1em;height:1em}.elementor-widget-text-editor .elementor-drop-cap{float:left;text-align:center;line-height:1;font-size:50px}.elementor-widget-text-editor .elementor-drop-cap-letter{display:inline-block}<\/style>\t\t\t\t<p>Oferecemos um servi\u00e7o personalizado para o seu neg\u00f3cio. Trabalhamos em conjunto com nossos clientes afim de melhorar o desempenho para atender sua real necessidade.<\/p><p>Grupo de comunica\u00e7\u00e3o exclusivo para envio de notas fiscais e etiquetas para despacho.\u00a0<\/p><p>Toda a nossa experi\u00eancia a sua disposi\u00e7\u00e3o. Profissionais qualificados e com ampla experi\u00eancia no mercado.<\/p><p>Multiplique suas vendas de forma simples e altamente escal\u00e1vel.<\/p>\t\t\t\t\t\t<\/div>\n\t\t\t\t<\/div>\n\t\t\t\t<div class=\"elementor-element elementor-element-486476a elementor-widget__width-auto elementor-absolute elementor-widget elementor-widget-image\" data-id=\"486476a\" data-element_type=\"widget\" data-settings=\"{&quot;_position&quot;:&quot;absolute&quot;}\" data-widget_type=\"image.default\">\n\t\t\t\t<div class=\"elementor-widget-container\">\n\t\t\t<style>\/*! elementor - v3.7.1 - 14-08-2022 *\/\n.elementor-widget-image{text-align:center}.elementor-widget-image a{display:inline-block}.elementor-widget-image a img[src$=\".svg\"]{width:48px}.elementor-widget-image img{vertical-align:middle;display:inline-block}<\/style>\t\t\t\t\t\t\t\t\t\t\t\t<img loading=\"lazy\" decoding=\"async\" width=\"180\" height=\"192\" src=\"https:\/\/agenciawebseo.com.br\/marketplace\/wp-content\/uploads\/2022\/08\/Pages-element-1.png\" class=\"attachment-full size-full\" alt=\"\" \/>\t\t\t\t\t\t\t\t\t\t\t\t\t\t\t<\/div>\n\t\t\t\t<\/div>\n\t\t\t\t<div class=\"elementor-element elementor-element-8792cc9 elementor-widget__width-auto elementor-absolute elementor-widget elementor-widget-image\" data-id=\"8792cc9\" data-element_type=\"widget\" data-settings=\"{&quot;_position&quot;:&quot;absolute&quot;}\" data-widget_type=\"image.default\">\n\t\t\t\t<div class=\"elementor-widget-container\">\n\t\t\t\t\t\t\t\t\t\t\t\t\t\t\t<img loading=\"lazy\" decoding=\"async\" width=\"30\" height=\"30\" src=\"https:\/\/agenciawebseo.com.br\/marketplace\/wp-content\/uploads\/2022\/08\/Pages-element-6.png\" class=\"attachment-full size-full\" alt=\"\" \/>\t\t\t\t\t\t\t\t\t\t\t\t\t\t\t<\/div>\n\t\t\t\t<\/div>\n\t\t\t\t<div class=\"elementor-element elementor-element-b81a037 elementor-widget__width-auto elementor-absolute elementor-widget elementor-widget-image\" data-id=\"b81a037\" data-element_type=\"widget\" data-settings=\"{&quot;_position&quot;:&quot;absolute&quot;}\" data-widget_type=\"image.default\">\n\t\t\t\t<div class=\"elementor-widget-container\">\n\t\t\t\t\t\t\t\t\t\t\t\t\t\t\t<img loading=\"lazy\" decoding=\"async\" width=\"98\" height=\"98\" src=\"https:\/\/agenciawebseo.com.br\/marketplace\/wp-content\/uploads\/2022\/08\/Pages-element-Bg.png\" class=\"attachment-full size-full\" alt=\"\" \/>\t\t\t\t\t\t\t\t\t\t\t\t\t\t\t<\/div>\n\t\t\t\t<\/div>\n\t\t\t\t\t<\/div>\n\t\t<\/div>\n\t\t\t\t<div class=\"elementor-column elementor-col-50 elementor-top-column elementor-element elementor-element-990b5ea elementor-invisible\" data-id=\"990b5ea\" data-element_type=\"column\" data-settings=\"{&quot;animation&quot;:&quot;fadeIn&quot;,&quot;animation_delay&quot;:300}\">\n\t\t\t<div class=\"elementor-widget-wrap elementor-element-populated\">\n\t\t\t\t\t\t\t\t<div class=\"elementor-element elementor-element-ba6a40a elementor-widget elementor-widget-image\" data-id=\"ba6a40a\" data-element_type=\"widget\" data-widget_type=\"image.default\">\n\t\t\t\t<div class=\"elementor-widget-container\">\n\t\t\t\t\t\t\t\t\t\t\t\t\t\t\t<img loading=\"lazy\" decoding=\"async\" width=\"660\" height=\"656\" src=\"https:\/\/agenciawebseo.com.br\/marketplace\/wp-content\/uploads\/2022\/08\/services-1.webp\" class=\"attachment-full size-full\" alt=\"\" srcset=\"https:\/\/agenciawebseo.com.br\/marketplace\/wp-content\/uploads\/2022\/08\/services-1.webp 660w, https:\/\/agenciawebseo.com.br\/marketplace\/wp-content\/uploads\/2022\/08\/services-1-300x298.webp 300w, https:\/\/agenciawebseo.com.br\/marketplace\/wp-content\/uploads\/2022\/08\/services-1-150x150.webp 150w, https:\/\/agenciawebseo.com.br\/marketplace\/wp-content\/uploads\/2022\/08\/services-1-650x646.webp 650w\" sizes=\"auto, (max-width: 660px) 100vw, 660px\" \/>\t\t\t\t\t\t\t\t\t\t\t\t\t\t\t<\/div>\n\t\t\t\t<\/div>\n\t\t\t\t<div class=\"elementor-element elementor-element-0d9b725 elementor-widget__width-auto elementor-absolute elementor-widget elementor-widget-image\" data-id=\"0d9b725\" data-element_type=\"widget\" data-settings=\"{&quot;_position&quot;:&quot;absolute&quot;}\" data-widget_type=\"image.default\">\n\t\t\t\t<div class=\"elementor-widget-container\">\n\t\t\t\t\t\t\t\t\t\t\t\t\t\t\t<img loading=\"lazy\" decoding=\"async\" width=\"40\" height=\"40\" src=\"https:\/\/agenciawebseo.com.br\/marketplace\/wp-content\/uploads\/2022\/08\/Pages-element-7.png\" class=\"attachment-full size-full\" alt=\"\" \/>\t\t\t\t\t\t\t\t\t\t\t\t\t\t\t<\/div>\n\t\t\t\t<\/div>\n\t\t\t\t<div class=\"elementor-element elementor-element-f145e68 elementor-widget__width-auto elementor-absolute elementor-widget elementor-widget-image\" data-id=\"f145e68\" data-element_type=\"widget\" data-settings=\"{&quot;_position&quot;:&quot;absolute&quot;}\" data-widget_type=\"image.default\">\n\t\t\t\t<div class=\"elementor-widget-container\">\n\t\t\t\t\t\t\t\t\t\t\t\t\t\t\t<img loading=\"lazy\" decoding=\"async\" width=\"30\" height=\"30\" src=\"https:\/\/agenciawebseo.com.br\/marketplace\/wp-content\/uploads\/2022\/08\/Pages-element-5.png\" class=\"attachment-full size-full\" alt=\"\" \/>\t\t\t\t\t\t\t\t\t\t\t\t\t\t\t<\/div>\n\t\t\t\t<\/div>\n\t\t\t\t\t<\/div>\n\t\t<\/div>\n\t\t\t\t\t\t\t<\/div>\n\t\t<\/section>\n\t\t\t\t<section class=\"elementor-section elementor-top-section elementor-element elementor-element-0f83d87 elementor-section-boxed elementor-section-height-default elementor-section-height-default\" data-id=\"0f83d87\" data-element_type=\"section\">\n\t\t\t\t\t\t<div class=\"elementor-container elementor-column-gap-default\">\n\t\t\t\t\t<div class=\"elementor-column elementor-col-100 elementor-top-column elementor-element elementor-element-25ecdb7\" data-id=\"25ecdb7\" data-element_type=\"column\">\n\t\t\t<div class=\"elementor-widget-wrap elementor-element-populated\">\n\t\t\t\t\t\t\t\t<div class=\"elementor-element elementor-element-53dfd5b elementor-widget elementor-widget-heading\" data-id=\"53dfd5b\" data-element_type=\"widget\" data-widget_type=\"heading.default\">\n\t\t\t\t<div class=\"elementor-widget-container\">\n\t\t\t<h3 class=\"elementor-heading-title elementor-size-default\">Integra\u00e7\u00f5es Dispon\u00edveis<\/h3>\t\t<\/div>\n\t\t\t\t<\/div>\n\t\t\t\t<div class=\"elementor-element elementor-element-864a007 elementor-widget elementor-widget-image\" data-id=\"864a007\" data-element_type=\"widget\" data-widget_type=\"image.default\">\n\t\t\t\t<div class=\"elementor-widget-container\">\n\t\t\t\t\t\t\t\t\t\t\t\t\t\t\t<img loading=\"lazy\" decoding=\"async\" width=\"927\" height=\"652\" src=\"https:\/\/agenciawebseo.com.br\/marketplace\/wp-content\/uploads\/2022\/09\/integracoes-marketplaces.jpg\" class=\"attachment-large size-large\" alt=\"\" srcset=\"https:\/\/agenciawebseo.com.br\/marketplace\/wp-content\/uploads\/2022\/09\/integracoes-marketplaces.jpg 927w, https:\/\/agenciawebseo.com.br\/marketplace\/wp-content\/uploads\/2022\/09\/integracoes-marketplaces-300x211.jpg 300w, https:\/\/agenciawebseo.com.br\/marketplace\/wp-content\/uploads\/2022\/09\/integracoes-marketplaces-768x540.jpg 768w, https:\/\/agenciawebseo.com.br\/marketplace\/wp-content\/uploads\/2022\/09\/integracoes-marketplaces-650x457.jpg 650w\" sizes=\"auto, (max-width: 927px) 100vw, 927px\" \/>\t\t\t\t\t\t\t\t\t\t\t\t\t\t\t<\/div>\n\t\t\t\t<\/div>\n\t\t\t\t\t<\/div>\n\t\t<\/div>\n\t\t\t\t\t\t\t<\/div>\n\t\t<\/section>\n\t\t\t\t\t\t\t<\/div>\n\t\t","protected":false},"excerpt":{"rendered":"<p>Integra\u00e7\u00e3o com Marketplace Organizamos toda a documenta\u00e7\u00e3o at\u00e9 a aprova\u00e7\u00e3o de sua loja nos principais Marketplaces do Brasil. Integra\u00e7\u00e3o ERP Gerenciamento de [&hellip;]<\/p>\n","protected":false},"author":1,"featured_media":0,"parent":0,"menu_order":0,"comment_status":"closed","ping_status":"closed","template":"","meta":{"footnotes":""},"class_list":["post-197","page","type-page","status-publish","hentry"],"_links":{"self":[{"href":"https:\/\/agenciawebseo.com.br\/marketplace\/wp-json\/wp\/v2\/pages\/197","targetHints":{"allow":["GET"]}}],"collection":[{"href":"https:\/\/agenciawebseo.com.br\/marketplace\/wp-json\/wp\/v2\/pages"}],"about":[{"href":"https:\/\/agenciawebseo.com.br\/marketplace\/wp-json\/wp\/v2\/types\/page"}],"author":[{"embeddable":true,"href":"https:\/\/agenciawebseo.com.br\/marketplace\/wp-json\/wp\/v2\/users\/1"}],"replies":[{"embeddable":true,"href":"https:\/\/agenciawebseo.com.br\/marketplace\/wp-json\/wp\/v2\/comments?post=197"}],"version-history":[{"count":7,"href":"https:\/\/agenciawebseo.com.br\/marketplace\/wp-json\/wp\/v2\/pages\/197\/revisions"}],"predecessor-version":[{"id":550,"href":"https:\/\/agenciawebseo.com.br\/marketplace\/wp-json\/wp\/v2\/pages\/197\/revisions\/550"}],"wp:attachment":[{"href":"https:\/\/agenciawebseo.com.br\/marketplace\/wp-json\/wp\/v2\/media?parent=197"}],"curies":[{"name":"wp","href":"https:\/\/api.w.org\/{rel}","templated":true}]}}